{"id":95,"date":"2021-04-26T17:12:30","date_gmt":"2021-04-26T15:12:30","guid":{"rendered":"https:\/\/tmvs.duckdns.org\/?page_id=95"},"modified":"2023-09-06T09:28:30","modified_gmt":"2023-09-06T07:28:30","slug":"bekannte-kennwoerter","status":"publish","type":"page","link":"https:\/\/tmvs.duckdns.org\/?page_id=95","title":{"rendered":"Bekannte Kennw\u00f6rter"},"content":{"rendered":"<!-- PMB print buttons is only displayed on a single post\/page URLs-->\n<h3 class=\"wp-block-heading\" id=\"bluechip\">Bluechip:<\/h3>\n\n\n\n<p><\/p>\n\n\n\n<h4 class=\"wp-block-heading\" id=\"Basiskennworte-BeizentralerFertigung\/gefertigterWare\"><strong>Bei zentraler Fertigung \/ gefertigter Ware<\/strong><\/h4>\n\n\n\n<p>Supervisor1<\/p>\n\n\n\n<p><strong>Wenn Server oder Clients von BlueChip direkt geliefert werden und nicht \u00fcber die ITSS vorbereitet sind.<\/strong><\/p>\n\n\n\n<p>Userpasswort: $CGM2019$<\/p>\n\n\n\n<p>Adminpasswort: %S3cUr!tY1st%<\/p>\n\n\n\n<p><strong>Mit dem Fertigungsdatum ab 01. Februar 2022 \u00e4ndern sich die Standardpassw\u00f6rter:<\/strong><\/p>\n\n\n\n<p>User: fpt0RgauvA<\/p>\n\n\n\n<p>Admin: KG@v7DaQbSqu oder Start*KDNRSAP* (ohne die *)<\/p>\n\n\n\n<p><strong>F\u00fcr Ger\u00e4te die ab dem 01. April 2023 gefertigt wurden:<\/strong><\/p>\n\n\n\n<p>Praxis: 6752&amp;TJfk8TP<\/p>\n\n\n\n<p>Admin: 4G6nS8tD5r8%<\/p>\n\n\n\n<p><strong>Die Standardpassw\u00f6rter f\u00fcr IPMI lauten:<\/strong><\/p>\n\n\n\n<p>User: ADMIN<\/p>\n\n\n\n<p>Passwort: jzqJw$AxjF<\/p>\n\n\n\n<p><strong>Falls im Feld etwas neu installiert werden muss, liegen die Treiber unter Eingabe der Seriennummer auf: <a href=\"https:\/\/www.pc-seriennummer.de\/\" target=\"_blank\" rel=\"noreferrer noopener\">PC-Seriennummer.de<\/a><\/strong><\/p>\n\n\n\n<p><strong>Sofern ein Image ben\u00f6tigt wird, liegt dieses auf einem FTP:<\/strong><\/p>\n\n\n\n<p>Server: <a href=\"ftp:\/\/upload.bluechip.de\" target=\"_blank\" rel=\"noreferrer noopener\">ftp:\/\/upload.bluechip.de<\/a><\/p>\n\n\n\n<p>User: CGMTech<\/p>\n\n\n\n<p>Pass: Cgm_03.21<\/p>\n\n\n\n<h3 class=\"wp-block-heading\" id=\"panda-antivirus\">Panda Antivirus:<\/h3>\n\n\n\n<figure class=\"wp-block-table is-style-stripes\"><table><tbody><tr><td>Panda<\/td><td>aktuell<\/td><td>_M$_0nlY!_<em>Panda<\/em>_<\/td><\/tr><tr><td>Panda<\/td><td>veraltet<\/td><td>pandaaus<\/td><\/tr><tr><td>Panda<\/td><td>veraltet<\/td><td>turbomed<\/td><\/tr><\/tbody><\/table><\/figure>\n\n\n\n<h3 class=\"wp-block-heading\" id=\"kennworter-von-alten-vsp-s\">Kennw\u00f6rter von alten VSP&#8217;s:<\/h3>\n\n\n\n<figure class=\"wp-block-table is-style-stripes\"><table><tbody><tr><td><strong>Niederlassung<\/strong><\/td><td><strong>Kennwort aktuell<\/strong><\/td><td><strong>Kennwort altbestand<\/strong><\/td><\/tr><tr><td>Trossingen<\/td><td>smsgmbh3437<\/td><td>&nbsp;<\/td><\/tr><tr><td>Langenhagen<\/td><td>TeKu01<\/td><td>Individuell pro Kunde, kann nur Langenhagen wissen!<\/td><\/tr><tr><td>Wallerstein<\/td><td>keine festen Kennw\u00f6rter<\/td><td>&nbsp;<\/td><\/tr><tr><td>Schwerin<\/td><td>keine festen Kennw\u00f6rter<\/td><td>&nbsp;<\/td><\/tr><tr><td>Halfing<\/td><td>Mountain<\/td><td>&nbsp;<\/td><\/tr><tr><td>Kreischa<\/td><td>keine festen Kennw\u00f6rter<\/td><td>Kdasterix, KDasterix2014, 123456789, 12345678, $px00kr (00steht f\u00fcr die ersten beiden Buchstaben Namen Praxis z.B M\u00fcller = m\u00fc)<\/td><\/tr><tr><td>Blankenburg<\/td><td>keine festen Kennw\u00f6rter<\/td><td>&nbsp;<\/td><\/tr><tr><td>Hamburg<\/td><td>keine festen Kennw\u00f6rter<\/td><td>&nbsp;<\/td><\/tr><tr><td>Paderborn<\/td><td>Jetkd@911<\/td><td>jetkd<\/td><\/tr><tr><td>&nbsp;<\/td><td>&nbsp;<\/td><td>&nbsp;<\/td><\/tr><tr><td><strong>TURBOMED Wartungs-User<\/strong><\/td><td><strong>&nbsp;<\/strong><\/td><\/tr><tr><td>&nbsp;<\/td><td>User<\/td><td>Kennwort<\/td><\/tr><tr><td><strong>Niederlassung<\/strong><\/td><td><strong>&nbsp;<\/strong><\/td><td>&nbsp;<\/td><\/tr><tr><td>Hamburg<\/td><td>tmuser<\/td><td>pentium<\/td><\/tr><tr><td>Langenhagen<\/td><td>bdh<\/td><td>teku<\/td><\/tr><tr><td>Wallerstein<\/td><td>&nbsp;<\/td><td>&nbsp;<\/td><\/tr><tr><td>&nbsp;<\/td><td>&nbsp;<\/td><td>&nbsp;<\/td><\/tr><tr><td>Windowsbenutzer<\/td><td>Administrator<\/td><td>2<\/td><\/tr><tr><td>&nbsp;<\/td><td>&nbsp;<\/td><td>BleyHugo$1<\/td><\/tr><tr><td>&nbsp;<\/td><td>&nbsp;<\/td><td>QVHugo$1<\/td><\/tr><tr><td>&nbsp;<\/td><td>&nbsp;<\/td><td>Kuchen&amp;1Keks<\/td><\/tr><tr><td>Windowsbenutzer<\/td><td>wini<\/td><td>TurboMed1<\/td><\/tr><tr><td>TURBOMED Benutzer<\/td><td>&nbsp;<\/td><td>wird kein festen Kennwort vergeben.<\/td><\/tr><\/tbody><\/table><\/figure>\n","protected":false},"excerpt":{"rendered":"<p>Bluechip: Bei zentraler Fertigung \/ gefertigter Ware Supervisor1 Wenn Server oder Clients von BlueChip direkt geliefert werden und nicht \u00fcber die ITSS vorbereitet sind. Userpasswort: $CGM2019$ Adminpasswort: %S3cUr!tY1st% Mit dem Fertigungsdatum ab 01. Februar 2022 \u00e4ndern sich die Standardpassw\u00f6rter: User: fpt0RgauvA Admin: KG@v7DaQbSqu oder Start*KDNRSAP* (ohne die *) F\u00fcr Ger\u00e4te die ab dem 01. April &#8230; <\/p>\n<p class=\"read-more-container\"><a title=\"Bekannte Kennw\u00f6rter\" class=\"read-more button\" href=\"https:\/\/tmvs.duckdns.org\/?page_id=95#more-95\" aria-label=\"Mehr zu Bekannte Kennw\u00f6rter\">Weiterlesen &#8230;<\/a><\/p>\n","protected":false},"author":1,"featured_media":0,"parent":0,"menu_order":0,"comment_status":"closed","ping_status":"closed","template":"","meta":{"pgc_sgb_lightbox_settings":"","footnotes":""},"class_list":["post-95","page","type-page","status-publish"],"_links":{"self":[{"href":"https:\/\/tmvs.duckdns.org\/index.php?rest_route=\/wp\/v2\/pages\/95","targetHints":{"allow":["GET"]}}],"collection":[{"href":"https:\/\/tmvs.duckdns.org\/index.php?rest_route=\/wp\/v2\/pages"}],"about":[{"href":"https:\/\/tmvs.duckdns.org\/index.php?rest_route=\/wp\/v2\/types\/page"}],"author":[{"embeddable":true,"href":"https:\/\/tmvs.duckdns.org\/index.php?rest_route=\/wp\/v2\/users\/1"}],"replies":[{"embeddable":true,"href":"https:\/\/tmvs.duckdns.org\/index.php?rest_route=%2Fwp%2Fv2%2Fcomments&post=95"}],"version-history":[{"count":17,"href":"https:\/\/tmvs.duckdns.org\/index.php?rest_route=\/wp\/v2\/pages\/95\/revisions"}],"predecessor-version":[{"id":1169,"href":"https:\/\/tmvs.duckdns.org\/index.php?rest_route=\/wp\/v2\/pages\/95\/revisions\/1169"}],"wp:attachment":[{"href":"https:\/\/tmvs.duckdns.org\/index.php?rest_route=%2Fwp%2Fv2%2Fmedia&parent=95"}],"curies":[{"name":"wp","href":"https:\/\/api.w.org\/{rel}","templated":true}]}}