{"id":1213,"date":"2024-03-13T10:40:23","date_gmt":"2024-03-13T09:40:23","guid":{"rendered":"https:\/\/tmvs.duckdns.org\/?page_id=1213"},"modified":"2024-03-13T10:40:24","modified_gmt":"2024-03-13T09:40:24","slug":"turbomed-fehlerliste","status":"publish","type":"page","link":"https:\/\/tmvs.duckdns.org\/?page_id=1213","title":{"rendered":"TurboMed Fehlerliste"},"content":{"rendered":"<!-- PMB print buttons is only displayed on a single post\/page URLs--><span id=\"tablepress-2-description\" class=\"tablepress-table-description tablepress-table-description-id-2\">Fehlerliste aus Confluence. Stand 20.03.2024<br \/>\n<br \/>\nhttps:\/\/confluence.cgm.ag\/display\/CGMDETurbomed\/24.1<br \/>\n<\/span>\n\n<table id=\"tablepress-2\" class=\"tablepress tablepress-id-2\" aria-describedby=\"tablepress-2-description\">\n<thead>\n<tr class=\"row-1\">\n\t<th class=\"column-1\">#<\/th><th class=\"column-2\">Zuletzt aktualisiert:<\/th><th class=\"column-3\">Thema (Beispiel: HZV):<\/th><th class=\"column-4\">Problem ManagementSAP<\/th><th class=\"column-5\">Men\u00fcpunkt<\/th><th class=\"column-6\">Problem\/Fehler<\/th><th class=\"column-7\">Status<\/th><th class=\"column-8\">Betroffene Version<\/th><th class=\"column-9\">Jira Ticket:<\/th><th class=\"column-10\">Erstmalig gemeldet am:<\/th><th class=\"column-11\">Anzahl K-Meldungen<\/th>\n<\/tr>\n<\/thead>\n<tbody class=\"row-hover\">\n<tr class=\"row-2\">\n\t<td class=\"column-1\">3<\/td><td class=\"column-2\">29.12.2023<\/td><td class=\"column-3\">Abst\u00fcrze bei Patientenaufruf<\/td><td class=\"column-4\">Tubomed \u2192 Update\u2192 Performanceprobleme nach UPD<\/td><td class=\"column-5\">Patientensuche<\/td><td class=\"column-6\">Beim Patientenaufruf st\u00fcrzt Turbomed ab, es tritt nicht bei allen Patienten auf, aber bei einigen.<br \/>\nEs st\u00fcrzt unmittelbar nach Aufruf des Patienten ab.<br \/>\nWorkaround: Angeh\u00e4ngte Dll in TurboMed\/Programm austauschen. (Alte umbenennen und die angeh\u00e4ngte Dll einf\u00fcgen)<br \/>\nTMPraxOp.dll&#8220;)<\/td><td class=\"column-7\">L\u00f6sung kommt mit dem n\u00e4chsten ServicePack<\/td><td class=\"column-8\">24.1.1.6054<\/td><td class=\"column-9\"><\/td><td class=\"column-10\">28.12.2023<\/td><td class=\"column-11\">30+<\/td>\n<\/tr>\n<tr class=\"row-3\">\n\t<td class=\"column-1\">4<\/td><td class=\"column-2\">03.01.2024<\/td><td class=\"column-3\">IQVIA<\/td><td class=\"column-4\">Turbomed \u2192 Hauptmen\u00fc \u2192 Anwendungsbeobachtungen<\/td><td class=\"column-5\">IQVIA Export active x script Error<\/td><td class=\"column-6\">Beim Export der IQVIA Daten, erscheint ein active x script Error:<\/td><td class=\"column-7\">wird mit dem kommenden SP korrigiert<\/td><td class=\"column-8\">24.1.1.6054<\/td><td class=\"column-9\">CGMDETMRQ-3390<\/td><td class=\"column-10\">02.01.2024<\/td><td class=\"column-11\">6<\/td>\n<\/tr>\n<tr class=\"row-4\">\n\t<td class=\"column-1\">5<\/td><td class=\"column-2\">03.01.2024<\/td><td class=\"column-3\">eAU\/AU<\/td><td class=\"column-4\"><\/td><td class=\"column-5\">Erstellung AU\/eAU<\/td><td class=\"column-6\">mit dem Quartalsupdate hatten wir aktuell 2 Meldungen, dass keine Folgebescheinigung erstellt wird, sondern eine Erstverordnung, trotz bestehender AU.<br \/>\nWir konnten noch nicht eingrenzen, welches Szenario dazu f\u00fchrt.<br \/>\n!!!Szenario wird mit einem kommenden Sonderupdate im Februar behoben!!!<\/td><td class=\"column-7\">liegt der QA vor und befindet sich in Analyse<\/td><td class=\"column-8\">24.1.1.6054<\/td><td class=\"column-9\">CGMDETMRQ-3388<\/td><td class=\"column-10\">02.01.2024<\/td><td class=\"column-11\">2<\/td>\n<\/tr>\n<tr class=\"row-5\">\n\t<td class=\"column-1\">6<\/td><td class=\"column-2\">03.01.2024<\/td><td class=\"column-3\">oKFE\/LDT<\/td><td class=\"column-4\"><\/td><td class=\"column-5\">\u00dcbernahme LDT Muster 39 ins oKFE Formular<\/td><td class=\"column-6\">Ist die Feldkennung in der LDT Datei &#8222;Zeitraum in Monaten\/3321&#8220; > als 1 Zahl, wird die Monatsangabe falsch in das Muster 39 \u00fcbernommen und somit auch nicht richtig ins oKFE Formular, Beispiel:<\/td><td class=\"column-7\">wird mit der 24.2.1 korrigiert<\/td><td class=\"column-8\">23.4.2. + 24.1.1.6054<\/td><td class=\"column-9\">CGMDETMRQ-3384<\/td><td class=\"column-10\">21.12.2024<\/td><td class=\"column-11\">3<\/td>\n<\/tr>\n<tr class=\"row-6\">\n\t<td class=\"column-1\">7<\/td><td class=\"column-2\">03.01.2024<\/td><td class=\"column-3\">App auf Rezept<\/td><td class=\"column-4\"><\/td><td class=\"column-5\">Infoblatt, kein Ausdruck m\u00f6glich<\/td><td class=\"column-6\">Verordnung App auf Rp, kann das Infoblatt nicht mehr ausgedruckt werden f\u00fcr den Patienten, Druckauftrag wird nicht gestartet:<\/td><td class=\"column-7\">Korrektur mit 24.2.1<\/td><td class=\"column-8\">24.1.1.6054<\/td><td class=\"column-9\">CGMDETMRQ-3393<\/td><td class=\"column-10\">03.01.2024<\/td><td class=\"column-11\">1<\/td>\n<\/tr>\n<tr class=\"row-7\">\n\t<td class=\"column-1\">8<\/td><td class=\"column-2\">03.01.2024<\/td><td class=\"column-3\">eAU<\/td><td class=\"column-4\">TurboMed \u2192 Sonstiges \u2192 Anfrage TI<\/td><td class=\"column-5\">Versandfehler eAU Kostentr\u00e4ger <br \/>\n101<\/td><td class=\"column-6\">Image<\/td><td class=\"column-7\">wird mit dem kommenden SP korrigiert<\/td><td class=\"column-8\">24.1.1.6054<\/td><td class=\"column-9\">CGMDETMRQ-3394<\/td><td class=\"column-10\">03.01.2024<\/td><td class=\"column-11\"><\/td>\n<\/tr>\n<tr class=\"row-8\">\n\t<td class=\"column-1\">9<\/td><td class=\"column-2\">03.01.2024<\/td><td class=\"column-3\">Grundpauschalen\/EBM<\/td><td class=\"column-4\">TurboMed \u2192 Eigene Listen \u2192 Geb\u00fchrenordnung<\/td><td class=\"column-5\">Umwandlung GP<\/td><td class=\"column-6\">wenn in der F2 die Ziffer 1 eingegeben wird, wurde bis zum letzten UPD immer die Grundpauschale (je nach Alter) automatisch umgewandelt, wenn diese im alten EBM und in den Grundeinstellungen hinterlegt war, nun kommt eine Auswahl von allen GP<br \/>\nBeispiel von einem Augenarzt:<\/td><td class=\"column-7\">Korrektur erfolgt mit 24.2.<\/td><td class=\"column-8\">24.1.1.6054<\/td><td class=\"column-9\">CGMDETMRQ-3397<\/td><td class=\"column-10\">03.01.2024<\/td><td class=\"column-11\"><\/td>\n<\/tr>\n<tr class=\"row-9\">\n\t<td class=\"column-1\">10<\/td><td class=\"column-2\">04.01.2024<\/td><td class=\"column-3\">BMP\/eMP<\/td><td class=\"column-4\">TurboMed \u2192 BMP\u2192 Fehler<\/td><td class=\"column-5\"><\/td><td class=\"column-6\">Die PX geht wie folgt vor: MFA bereitet an dem Anmeldungsplatz die eRezepte vor, so das diese im eMusterCenter unter vorbereitet stehen.<br \/>\nDie \u00c4rztin ruft an ihrem Rechner das eMusterCenter auf und springt von dort in den Patienten und dann in den eMP \u00fcber das Icon oder F8 und die Meldung erscheint<\/td><td class=\"column-7\">Korrektur mit SU<\/td><td class=\"column-8\">24.1.1.6054<\/td><td class=\"column-9\">CGMDETMRQ-3396<\/td><td class=\"column-10\">03.01.2024<\/td><td class=\"column-11\"><\/td>\n<\/tr>\n<tr class=\"row-10\">\n\t<td class=\"column-1\">11<\/td><td class=\"column-2\">04.01.2024<\/td><td class=\"column-3\">BF Aufnahme<\/td><td class=\"column-4\">TurboMed \u2192 Patientenmen\u00fc\u2192 Behandlungsfall<\/td><td class=\"column-5\"><\/td><td class=\"column-6\">Die Meldung kann bei HZV Patienten und wenn die \u00c4rzte am HZV teilnehmen, bei &#8222;geeigneten&#8220; Patienten auftreten. Es ist nur ein Hinweis, wenn dieser mit ok best\u00e4tigt wird funktioniert die BF Aufnahme<\/td><td class=\"column-7\">Korrektur erfolgt mit 24.2.1.<\/td><td class=\"column-8\">24.1.1.6054<\/td><td class=\"column-9\">CGMDETMRQ-3398<\/td><td class=\"column-10\">03.01.2024<\/td><td class=\"column-11\"><\/td>\n<\/tr>\n<tr class=\"row-11\">\n\t<td class=\"column-1\">12<\/td><td class=\"column-2\"><\/td><td class=\"column-3\">INFO<\/td><td class=\"column-4\"><\/td><td class=\"column-5\"><\/td><td class=\"column-6\">F\u00fcr die Nutzung der Komfortsignatur muss der TurboMed Benutzer Arzt sein.<br \/>\nDies war im letzten Update keine Voraussetzung, hier konnte &#8222;jeder&#8220; Benutzer die Komfortsignatur nutzen.<br \/>\nEs handelt sich hier um kein Programmfehler.<\/td><td class=\"column-7\"><\/td><td class=\"column-8\"><\/td><td class=\"column-9\"><\/td><td class=\"column-10\"><\/td><td class=\"column-11\"><\/td>\n<\/tr>\n<tr class=\"row-12\">\n\t<td class=\"column-1\">13<\/td><td class=\"column-2\">04.01.2024<\/td><td class=\"column-3\">Vertretungsarzt<\/td><td class=\"column-4\">kein PM angelegt<\/td><td class=\"column-5\">Praxisdaten<\/td><td class=\"column-6\">bei einem Vertretungsarzt oder Weiterbildungsarzt, l\u00e4sst sich das Kreuz bei sichtbar nicht entfernen<\/td><td class=\"column-7\">Korrektur erfolgt mit 24.2.<\/td><td class=\"column-8\"><\/td><td class=\"column-9\">CGMDETM-123258<\/td><td class=\"column-10\">03.01.2024<\/td><td class=\"column-11\"><\/td>\n<\/tr>\n<tr class=\"row-13\">\n\t<td class=\"column-1\">14<\/td><td class=\"column-2\">05.01.2024<\/td><td class=\"column-3\">eAU\/zentraler Druck<\/td><td class=\"column-4\">TurboMed \u2192eAU\u2192 Anwendung\u2192 eAU Drucken<\/td><td class=\"column-5\"><\/td><td class=\"column-6\">Wenn in dem Formular eAU die Kreuze unter BFB Ausdruck gesetzt sind und das Formular in den Zentralen Druckg eschoben wird, gelangt die eAU doppelt ins eMusterCenter. Der Ausdruck erfolgt nicht doppelt. Wird erneut eine eAU aus der KK in den zentralen Druck geschoben, erfolgt der Ausdruck konventionell.<br \/>\nWorkaround: unter BFB die Kreuze bei Ausdruck entfernen<\/td><td class=\"column-7\">Korrektur erfolgt mit dem Sonderupdate<\/td><td class=\"column-8\">24.1.1.6054<\/td><td class=\"column-9\">CGMDETMRQ-3399<\/td><td class=\"column-10\">05.01.2024<\/td><td class=\"column-11\"><\/td>\n<\/tr>\n<tr class=\"row-14\">\n\t<td class=\"column-1\">15<\/td><td class=\"column-2\">09.01.2024<\/td><td class=\"column-3\">DaleUV pdf-Druck<\/td><td class=\"column-4\">kein PM angelegt<\/td><td class=\"column-5\"><\/td><td class=\"column-6\">Beim DaleUV pdf Druck erscheint folgender Fehler:<\/td><td class=\"column-7\">wird mit dem n\u00e4chsten Sonderupdate korrigiert<\/td><td class=\"column-8\">24.1.1.6054<\/td><td class=\"column-9\">CGMDETMRQ-3407<\/td><td class=\"column-10\">03.01.2024<\/td><td class=\"column-11\"><\/td>\n<\/tr>\n<tr class=\"row-15\">\n\t<td class=\"column-1\">16<\/td><td class=\"column-2\"><\/td><td class=\"column-3\">eRezept &#8211; Facharztbezeichnung<\/td><td class=\"column-4\">kein PM angelegt<\/td><td class=\"column-5\">Arztgruppe<\/td><td class=\"column-6\">!ERROR! F15 -> Formula Error: An unexpected error occurred<\/td><td class=\"column-7\">kein Programmfehler\/<br \/>\nMail von Sandra Kneip 22.01. beachten<\/td><td class=\"column-8\">24.1.1.6054<\/td><td class=\"column-9\">CGMDETMRQ-3410<\/td><td class=\"column-10\"><\/td><td class=\"column-11\"><\/td>\n<\/tr>\n<tr class=\"row-16\">\n\t<td class=\"column-1\">17<\/td><td class=\"column-2\"><\/td><td class=\"column-3\">eRezept &#8211; Fachdienst nicht erreichbar<\/td><td class=\"column-4\">kein PM angelegt<\/td><td class=\"column-5\">Oberflache eRezept w\u00e4hrend Signaturversuch<\/td><td class=\"column-6\">Das eRezept l\u00e4sst sich erstellen aber beim versuch dieses zu signieren erscheint<br \/>\ndirekt eine Meldung das sich nicht mit dem Fachdienst verbunden werden kann.<br \/>\nDas Verhalten tritt nach aktuellem Stand nur an den Clients auf. Auf dem Server ist das eRezept voll nutzbar.<br \/>\nDas Verhalten tritt erste seit der 24.1.1.6054 auf<br \/>\nJira wurde dem Thema erstellt. Es gibt keinen Workaround au\u00dfer erstmal das Rezept auf Papier ohne eFunktion auszustellen.<\/td><td class=\"column-7\">liegt der QA vor<\/td><td class=\"column-8\">24.1.1.6054<\/td><td class=\"column-9\">CGMDETMRQ-3391<\/td><td class=\"column-10\"><\/td><td class=\"column-11\"><\/td>\n<\/tr>\n<tr class=\"row-17\">\n\t<td class=\"column-1\">18<\/td><td class=\"column-2\">16.01.2024<\/td><td class=\"column-3\">eMP\/BMP<\/td><td class=\"column-4\">kein PM angelegt<\/td><td class=\"column-5\">eMP\/BMP Dosierung<\/td><td class=\"column-6\">wenn man ein Medikament aus dem eMP verordnet, welches eine Intervalldosierung hinterlegt hat, steht im Verordnungscenter eine falsche Dosierung 0-0-0-0<\/td><td class=\"column-7\">Kein Programmfehler, Verordnung muss \u00fcber die F8 erfolgen bei einer Intervalldosierung<\/td><td class=\"column-8\">24.1.1.xx<\/td><td class=\"column-9\">CGMDETMRQ-3418<\/td><td class=\"column-10\">16.01.2024<\/td><td class=\"column-11\"><\/td>\n<\/tr>\n<tr class=\"row-18\">\n\t<td class=\"column-1\">19<\/td><td class=\"column-2\">16.01.2024<\/td><td class=\"column-3\">eAU \/Vertretungsarzt<br \/>\nWeiterbildungsassistent<\/td><td class=\"column-4\">kein PM angelegt<\/td><td class=\"column-5\">eAU Ausdruck<\/td><td class=\"column-6\">wenn eine eAU durch einen Vertretungsarzt oder Weiterbildungsassistenten erstellt wird, fehlt beim Ausdruck Diagnose und Datum<\/td><td class=\"column-7\">wird mit der 24.2 korrigiert<\/td><td class=\"column-8\">24.1.1.6054<\/td><td class=\"column-9\">CGMDETMRQ-3412<\/td><td class=\"column-10\">10.01.2024<\/td><td class=\"column-11\"><\/td>\n<\/tr>\n<tr class=\"row-19\">\n\t<td class=\"column-1\">20<\/td><td class=\"column-2\">17.01.2024<\/td><td class=\"column-3\">eMuster Center Performance<\/td><td class=\"column-4\">Turbomed\u2192 Update\u2192 Performance Probleme nach UPD<\/td><td class=\"column-5\">eMusterCenter<\/td><td class=\"column-6\">Performanceprobleme beim Aufruf des eMusterCenter<\/td><td class=\"column-7\">Korrektur mit SP<\/td><td class=\"column-8\">24.1.1.6054<\/td><td class=\"column-9\">CGMDETMRQ-3409<\/td><td class=\"column-10\">05.01.2024<\/td><td class=\"column-11\"><\/td>\n<\/tr>\n<tr class=\"row-20\">\n\t<td class=\"column-1\">21<\/td><td class=\"column-2\">25.01.2024<\/td><td class=\"column-3\">GHG Praxisdienst<\/td><td class=\"column-4\">TurboMed \u2192 GHG<\/td><td class=\"column-5\">GHG Praxisdienst startet nicht<\/td><td class=\"column-6\">Der GHG Praxisdienst startet auf der Arbeitsstation nicht via ICON in der Men\u00fcleiste \u2192 <br \/>\n<br \/>\nDas liegt daran, das lokal der Ordner leer ist:<br \/>\n<br \/>\n&#8222;Workaround&#8220; Ordner vom Server kopieren und lokal einf\u00fcgen.<\/td><td class=\"column-7\">liegt der QA vor<\/td><td class=\"column-8\">24.1.1.6054<\/td><td class=\"column-9\">CGMDETMRQ-3432<\/td><td class=\"column-10\">25.01.2024<\/td><td class=\"column-11\">2<\/td>\n<\/tr>\n<tr class=\"row-21\">\n\t<td class=\"column-1\">22<\/td><td class=\"column-2\">26.01.2024<\/td><td class=\"column-3\">Tageliste<\/td><td class=\"column-4\">kein PM angelegt<\/td><td class=\"column-5\">Tagesliste Diagnosenansicht<\/td><td class=\"column-6\">Seit dem Update ist die Diagnosenansicht in der Tagesliste anders, nicht mit untereinander, sondern in einer Zeile:<\/td><td class=\"column-7\">liegt der QA vor<\/td><td class=\"column-8\">24.1.1.6054<\/td><td class=\"column-9\">CGMDETMRQ-3427<\/td><td class=\"column-10\">23.01.2024<\/td><td class=\"column-11\"><\/td>\n<\/tr>\n<tr class=\"row-22\">\n\t<td class=\"column-1\">23<\/td><td class=\"column-2\">26.01.2024<\/td><td class=\"column-3\">KV-Abrechnung<\/td><td class=\"column-4\">Turbomed \u2192 Abrechnung<\/td><td class=\"column-5\">KV-Abrechnung Feldkennung NFDM und eMP<\/td><td class=\"column-6\">Es kamen jetzt R\u00fcckl\u00e4ufer der Kassenabrechnung, dass die Feldkennung NFDM und eMP nicht mit \u00fcbermittelt worden sind, obwohl die Modulfreischaltungen vorhanden sin.<br \/>\nBeispiel einer R\u00fcckmeldung der KV:<\/td><td class=\"column-7\">liegt der QA vor<\/td><td class=\"column-8\">24.1.1.6054<\/td><td class=\"column-9\">CGMDETMRQ-3425<\/td><td class=\"column-10\">22.01.2024<\/td><td class=\"column-11\">4<\/td>\n<\/tr>\n<tr class=\"row-23\">\n\t<td class=\"column-1\">24<\/td><td class=\"column-2\">\/\/26.01.2024<\/td><td class=\"column-3\">TM Abst\u00fcrze<\/td><td class=\"column-4\"><\/td><td class=\"column-5\">ImpfDocNE<\/td><td class=\"column-6\">TM Abst\u00fcrze, mein Aufruf ImpfDocNE oder auch beim Aufruf TurboMed <br \/>\n\u2192 liegt an dem ImpfDocNE Update 3.22.3, dies muss r\u00fcckg\u00e4ngig gemacht werden und vorherige Version installieren<\/td><td class=\"column-7\">liegt der QA vor<\/td><td class=\"column-8\"><\/td><td class=\"column-9\">CGMDETMRQ-3424<\/td><td class=\"column-10\">24.01.2024<\/td><td class=\"column-11\"><\/td>\n<\/tr>\n<tr class=\"row-24\">\n\t<td class=\"column-1\">25<\/td><td class=\"column-2\">05.02.2024<\/td><td class=\"column-3\">eRezept ASV<\/td><td class=\"column-4\">kein PM angelegt<\/td><td class=\"column-5\">eRezept ASV<\/td><td class=\"column-6\">wenn ein eRezept in Vertretung bei einem ASV Fall signiert wird und beide \u00c4rzte haben eine ASV Nummer kommt es zu einem Fehler<\/td><td class=\"column-7\">liegt der QA vor<\/td><td class=\"column-8\">24.1.1.<\/td><td class=\"column-9\">CGMDETMRQ-3445<\/td><td class=\"column-10\">01.02.2024<\/td><td class=\"column-11\"><\/td>\n<\/tr>\n<tr class=\"row-25\">\n\t<td class=\"column-1\">26<\/td><td class=\"column-2\">06.02.2024<\/td><td class=\"column-3\">BG eRezept<\/td><td class=\"column-4\"><\/td><td class=\"column-5\">BG eRezept Unfalltag<\/td><td class=\"column-6\">alle Unfalltage die vor den 2000er eingetragen sind, fehlt 19xx, es wird \u00fcberall 20xx davorgesetzt:<\/td><td class=\"column-7\">liegt der QA vor<\/td><td class=\"column-8\">24.1.1.6054<\/td><td class=\"column-9\">CGMDETMRQ-3437<\/td><td class=\"column-10\">01.02.2024<\/td><td class=\"column-11\"><\/td>\n<\/tr>\n<tr class=\"row-26\">\n\t<td class=\"column-1\">27<\/td><td class=\"column-2\">12.02.2024<\/td><td class=\"column-3\">eRezept<\/td><td class=\"column-4\">Information \/ kein PM<\/td><td class=\"column-5\">eRezept\/Postfach<\/td><td class=\"column-6\">Image<\/td><td class=\"column-7\">Korrektur mit 24.2.<\/td><td class=\"column-8\"><\/td><td class=\"column-9\">CGMDETM-124168<\/td><td class=\"column-10\"><\/td><td class=\"column-11\"><\/td>\n<\/tr>\n<tr class=\"row-27\">\n\t<td class=\"column-1\">28<\/td><td class=\"column-2\">22.02.2024<\/td><td class=\"column-3\">eRezept<\/td><td class=\"column-4\">kein PM angelegt<\/td><td class=\"column-5\">eRezept \/Secunet Konnektor<\/td><td class=\"column-6\">wenn der Kunde einen Secunet Konnektor mit der Produktversion 5.54.1 \/ FW 5.50.4 nutzt, k\u00f6nnen maximal 2 Medikamente auf einem Rezept verordnet werden, es erscheint das Fehlerbild bei 4 Medikamenten, dass man nur 1 aktiviert bekommt und dann nochmals auf signieren gehen muss um die andere Medikation zu verordnen<\/td><td class=\"column-7\">Korrektur mit 24.2.1.<\/td><td class=\"column-8\"><\/td><td class=\"column-9\">CGMDETMRQ-3470<\/td><td class=\"column-10\">19.02.2024<\/td><td class=\"column-11\"><\/td>\n<\/tr>\n<tr class=\"row-28\">\n\t<td class=\"column-1\">29<\/td><td class=\"column-2\">22.02.2024<\/td><td class=\"column-3\">TE Code<\/td><td class=\"column-4\">Turbomed\u2192 IV Verwaltung\u2192 Einschreibung<\/td><td class=\"column-5\">TE Code Versand<\/td><td class=\"column-6\">beim Versand von TE Code kommt folgender Fehler:<br \/>\nWorkaround: PX muss die Teilnahmeerkl\u00e4rung per Post an die H\u00c4VG \u00fcbermitteln<\/td><td class=\"column-7\">liegt der QA vor<\/td><td class=\"column-8\"><\/td><td class=\"column-9\">CGMDETMRQ-3431<\/td><td class=\"column-10\">25.01.2024<\/td><td class=\"column-11\">3<\/td>\n<\/tr>\n<tr class=\"row-29\">\n\t<td class=\"column-1\">30<\/td><td class=\"column-2\">22.02.2024<\/td><td class=\"column-3\">eAU Versand<\/td><td class=\"column-4\">kein PM angelegt \/ Information<\/td><td class=\"column-5\">Versandfehler eAU Kostentr\u00e4ger <br \/>\n101<\/td><td class=\"column-6\">Fehler 101 kann mehrere Ursachen haben, hier unterscheidet sich der Text ab &#8222;Bundle.entry&#8230;&#8220; dann meistens. <br \/>\nHier war die Ursache, dass die eAU zus\u00e4tzlich zu einer gesicherten Diagnose noch eine ausgeschlossene (&#8222;A&#8220;) Diagnose hatte. Wenn man die ausgeschlossene Diagnose raus nimmt, kann die eAU versendet werden<\/td><td class=\"column-7\"><\/td><td class=\"column-8\">24.1.1.6054<\/td><td class=\"column-9\"><\/td><td class=\"column-10\">08.02.2024<\/td><td class=\"column-11\"><\/td>\n<\/tr>\n<tr class=\"row-30\">\n\t<td class=\"column-1\">31<\/td><td class=\"column-2\">05.03.2024<\/td><td class=\"column-3\">Terrminkalender<\/td><td class=\"column-4\">kein PM angelegt<\/td><td class=\"column-5\">TK Darstellung<\/td><td class=\"column-6\">26-02-2024 14-59-57.pngDie Darstellung des Terminkalenders verschiebt sich sporadisch<\/td><td class=\"column-7\">liegt der QA vor<\/td><td class=\"column-8\">24.1.1.6064<\/td><td class=\"column-9\">CGMDETMRQ-3481<\/td><td class=\"column-10\">05.03.2024<\/td><td class=\"column-11\"><\/td>\n<\/tr>\n<tr class=\"row-31\">\n\t<td class=\"column-1\">32<\/td><td class=\"column-2\">07.03.2024<\/td><td class=\"column-3\">TM Datensicherung<\/td><td class=\"column-4\">kein PM angelegt<\/td><td class=\"column-5\"><\/td><td class=\"column-6\">nach Update 24.1.2.6132 kommt es zu der Fehlermeldung bei der Datenbanksicherung.<\/td><td class=\"column-7\">liegt der QA vor<\/td><td class=\"column-8\">24.1.2.6132<\/td><td class=\"column-9\">CGMDETMRQ-3504<\/td><td class=\"column-10\">07.03.2024<\/td><td class=\"column-11\"><\/td>\n<\/tr>\n<tr class=\"row-32\">\n\t<td class=\"column-1\">33<\/td><td class=\"column-2\">13.03.2024<\/td><td class=\"column-3\">eKH<\/td><td class=\"column-4\">kein PM angelegt<\/td><td class=\"column-5\"><\/td><td class=\"column-6\">wenn die elektronische Krankenhauseinweisung aktiviert ist und der Versand aus Gr\u00fcnden fehlschl\u00e4gt, wird nur ein Karteieintrag mit der Diagnose erzeugt.<br \/>\nEs fehlt der Eintrag mit dem Formular.<\/td><td class=\"column-7\">Korrektur mit der 24.2.1.xxxx<\/td><td class=\"column-8\"><\/td><td class=\"column-9\">CGMDETMRQ-3472<\/td><td class=\"column-10\"><\/td><td class=\"column-11\"><\/td>\n<\/tr>\n<tr class=\"row-33\">\n\t<td class=\"column-1\">34<\/td><td class=\"column-2\">13.03.2024<\/td><td class=\"column-3\">Wartezimmerliste<\/td><td class=\"column-4\">kein PM angelegt<\/td><td class=\"column-5\">Wartezimmerliste<\/td><td class=\"column-6\">Es gibt Probleme mit der Darstellung des Wartezimmer. Verschiedene Szenarien k\u00f6nnen auftreten: keine Patienten sichtbar, es fehlen Praxisbereiche, nach Aufruf des WZ Programmabsturz<br \/>\nFolgende Meldungen k\u00f6nnen auftreten:<\/td><td class=\"column-7\">DLL Tausch m\u00f6glich<\/td><td class=\"column-8\">24.1.2.6138<\/td><td class=\"column-9\"><\/td><td class=\"column-10\">07.03.2024<\/td><td class=\"column-11\">7<\/td>\n<\/tr>\n<tr class=\"row-34\">\n\t<td class=\"column-1\">35<\/td><td class=\"column-2\">14.03.2024<\/td><td class=\"column-3\">eServices<\/td><td class=\"column-4\">kein PM angelegt<\/td><td class=\"column-5\">Hinweismeldungen<\/td><td class=\"column-6\">Praxen melden Hinweismeldungen, einfach so im Praxisbetrieb, ohne vorher eine Funktion aufzurufen.<br \/>\nDas liegt an den eServices und der Onlineterminbuchung, wenn Patienten auf der HP der Praxis Termine buchen m\u00f6chten, erscheinen bspw. folgende Hinweise in TurboMed:<\/td><td class=\"column-7\">wird mit der 24.2.1.xxxx korrigiert<\/td><td class=\"column-8\">24.1.2.6138<\/td><td class=\"column-9\"><\/td><td class=\"column-10\">13.03.2024<\/td><td class=\"column-11\"><\/td>\n<\/tr>\n<tr class=\"row-35\">\n\t<td class=\"column-1\">36<\/td><td class=\"column-2\">20.03.2024<\/td><td class=\"column-3\">eRp<\/td><td class=\"column-4\">kein PM angelegt<\/td><td class=\"column-5\">BG eRezept<\/td><td class=\"column-6\">bei BG eRp ist der Unfalltag falsch, alles was vor 2000er passiert ist:<\/td><td class=\"column-7\">voraussichtlich 24.3<\/td><td class=\"column-8\">24.1.1.6064Sp1<\/td><td class=\"column-9\">CGMDETMRQ-3437<\/td><td class=\"column-10\"><\/td><td class=\"column-11\"><\/td>\n<\/tr>\n<\/tbody>\n<\/table>\n<!-- #tablepress-2 from cache -->","protected":false},"excerpt":{"rendered":"","protected":false},"author":1,"featured_media":0,"parent":0,"menu_order":0,"comment_status":"closed","ping_status":"closed","template":"","meta":{"pgc_sgb_lightbox_settings":"","footnotes":""},"class_list":["post-1213","page","type-page","status-publish"],"_links":{"self":[{"href":"https:\/\/tmvs.duckdns.org\/index.php?rest_route=\/wp\/v2\/pages\/1213","targetHints":{"allow":["GET"]}}],"collection":[{"href":"https:\/\/tmvs.duckdns.org\/index.php?rest_route=\/wp\/v2\/pages"}],"about":[{"href":"https:\/\/tmvs.duckdns.org\/index.php?rest_route=\/wp\/v2\/types\/page"}],"author":[{"embeddable":true,"href":"https:\/\/tmvs.duckdns.org\/index.php?rest_route=\/wp\/v2\/users\/1"}],"replies":[{"embeddable":true,"href":"https:\/\/tmvs.duckdns.org\/index.php?rest_route=%2Fwp%2Fv2%2Fcomments&post=1213"}],"version-history":[{"count":1,"href":"https:\/\/tmvs.duckdns.org\/index.php?rest_route=\/wp\/v2\/pages\/1213\/revisions"}],"predecessor-version":[{"id":1214,"href":"https:\/\/tmvs.duckdns.org\/index.php?rest_route=\/wp\/v2\/pages\/1213\/revisions\/1214"}],"wp:attachment":[{"href":"https:\/\/tmvs.duckdns.org\/index.php?rest_route=%2Fwp%2Fv2%2Fmedia&parent=1213"}],"curies":[{"name":"wp","href":"https:\/\/api.w.org\/{rel}","templated":true}]}}